{"id":16,"date":"2013-03-08T19:15:32","date_gmt":"2013-03-08T18:15:32","guid":{"rendered":"http:\/\/www.positiveweb.it\/yta\/?page_id=16"},"modified":"2013-04-12T00:13:19","modified_gmt":"2013-04-11T22:13:19","slug":"projects","status":"publish","type":"page","link":"https:\/\/yt.omni.ge\/?page_id=16","title":{"rendered":"ARCHIVE"},"content":{"rendered":"<p><strong>20.12.2010 \u2013 20.01.2011<\/strong><br \/>\nConduct of the qualifying student competition for participation in the <a href=\"http:\/\/www.pq.cz\/en\/\" target=\"_blank\">PQ11<\/a> Georgian exhibition of the Student Section.<\/p>\n<p><strong>2010 20.09. \u2013 20.12.<\/strong><br \/>\nPreparation of the qualifying student competition for participation in the <a href=\"http:\/\/www.pq.cz\/en\/\" target=\"_blank\">PQ11<\/a> Georgian exhibition of the Student Section. Preparation of student projects in accordance with the curatorial concept. (Volunteering \u2013 <a href=\"http:\/\/art.edu.ge\/en\/?page_id=471\" target=\"_blank\">Tbilisi State Art Acedemy<\/a>, <a href=\"http:\/\/www.iliauni.edu.ge\/index.php?sec_id=1&amp;lang_id=ENG\" target=\"_blank\">Ilia Chavchavadze State University<\/a>)<\/p>\n<p><strong>2010 27 \u2013 29.09.<\/strong><br \/>\nParticipation of YTA Union delegation in the <a href=\"http:\/\/www.intersection.cz\/news\/symposium-on-curating-in-evora-september-27-29\/\" target=\"_blank\">International Symposium, Scenography Expanding 3: On Curating<\/a>. <a href=\"http:\/\/www.chaia.uevora.pt\/en\" target=\"_blank\">Festival Escrita na Paisagem and Centro de Hist\u00f3ria da Arte e Investiga\u00e7\u00e3o Art\u00edstica (CHAIA)<\/a><br \/>\n&#8211; \u00c9vora, Portugal. (Financed by YTA Union and <a href=\"http:\/\/www.culture.gov.ge\/?lang=eng\" target=\"_blank\">Ministry of Culture, Monument Protection and Sport)<\/a>\u00a0 National Program <a href=\"http:\/\/www.culture.gov.ge\/georgianseason\/?lang=eng\" target=\"_blank\">\u201cGeorgian Season\u201d <\/a><\/p>\n<p><strong>2010 22 \u2013 27.09.<\/strong><br \/>\nYTA Union delegation visit to Prague to view the area for the Student Section of <a href=\"http:\/\/www.pq.cz\/en\/\" target=\"_blank\">PQ11<\/a> exhibition. \u2013 <a href=\"http:\/\/www.pq.cz\/en\/veletrzni-palace.html\" target=\"_blank\">Veletr\u017en\u00ed Palace<\/a> \u2013 Prague, CZ.<br \/>\n(Financed by <a href=\"http:\/\/www.culture.gov.ge\/?lang=eng\" target=\"_blank\">Ministry of Culture, Monument Protection and Sport)<\/a>\u00a0 National Program <a href=\"http:\/\/www.culture.gov.ge\/georgianseason\/?lang=eng\" target=\"_blank\">\u201cGeorgian Season\u201d <\/a><\/p>\n<p><strong>2010 18 \u2013 21.04.<\/strong><br \/>\nParticipation of YTA Union delegation in the International Contemporary Scenography Days, International Festival of Scenic Arts in Rome, Italy. \u201cInternational meeting of architecture and contemporary scenography\u201d \u2013 seminaries and workshop.<br \/>\nOrganisers: International Festival of Scenic Arts (IFSArts) in association with <a href=\"http:\/\/i24423.wix.com\/scenic-fest\" target=\"_blank\">The Scenographer <\/a>(Int. Journal of Set &amp; Stage Design)<br \/>\n(Financed by YTA Union and <a href=\"http:\/\/www.culture.gov.ge\/?lang=eng\" target=\"_blank\">Ministry of Culture, Monument Protection and Sport)<\/a>\u00a0 National Program <a href=\"http:\/\/www.culture.gov.ge\/georgianseason\/?lang=eng\" target=\"_blank\">\u201cGeorgian Season\u201d <\/a><\/p>\n<p><strong>2009 2 \u2013 3.10.<\/strong><br \/>\nParticipation of YTA Union delegation in the <a href=\"http:\/\/www.pq.cz\/en\/amsterdam.html\" target=\"_blank\">Expanded Scenography Symposium<\/a>, Amsterdam.<br \/>\nInternational Partnerships, presentation of the Georgian curatorial concept of <a href=\"http:\/\/www.pq.cz\/en\/\" target=\"_blank\">PQ11<\/a><br \/>\nOrganisators \u2013 <a href=\"http:\/\/www.pq.cz\/en\/\" target=\"_blank\">Prague Quadrennial <\/a>of Performance Design and Space &amp; <a href=\"http:\/\/www.ahk.nl\/en\/theaterschool\/\" target=\"_blank\">Theaterschool Amsterdam<\/a>. (Financed by YTA Union and <a href=\"http:\/\/www.culture.gov.ge\/?lang=eng\" target=\"_blank\">Ministry of Culture, Monument Protection and Sport)<\/a>\u00a0 National Program <a href=\"http:\/\/www.culture.gov.ge\/georgianseason\/?lang=eng\" target=\"_blank\">\u201cGeorgian Season\u201d<\/a><\/p>\n<p><strong>2009 7 \u2013 8.06<\/strong><br \/>\nYTA Union Executive Director Nino Gunia-Kuznetsova participated in the \u201cAnnual Authors Meeting Compendium of Cultural Policies and Trends in Europe\u201d \u2013 Madrid, Spain. <a href=\"http:\/\/www.culturalpolicies.net\/web\/index.php\" target=\"_blank\">www.culturalpolicies.net<\/a><br \/>\nThe comparative analyses of cultural policy (<a href=\"http:\/\/hub.coe.int\/en\/\" target=\"_blank\">Financed by Council of Europe<\/a>)<\/p>\n<p><strong>2008 4 \u2013 5.12.<\/strong><br \/>\nParticipation of YTA Union delegation in \u201c10th anniversary Compendium of Cultural Policies and Trends in Europe\u201d. Organisators:<a href=\"http:\/\/www.mct.gov.az\/?\/en\" target=\"_blank\"> Ministry of Culture and Tourism of the Republic of Azerbaijan<\/a><\/p>\n<p><strong>2008 11 \u2013 16.11.<\/strong><br \/>\n\u201cTreasury of the Georgian scenography\u201d \u2013 George Gunia\u2019s Anniversary Exhibition; <a href=\"http:\/\/museum.ge\/?lang_id=ENGGEO&amp;sec_id=1\" target=\"_blank\">Georgian National Museum<\/a>, <a href=\"http:\/\/www.artpalace.ge\/eng\/index.html\" target=\"_blank\">Georgian State Museum of Theatre, Cinema, Choreography and Music<\/a>, Karvasla Gallery (<a href=\"http:\/\/www.culture.gov.ge\/?lang=eng\" target=\"_blank\">Ministry of Culture, Monument Protection and Sport<\/a>)<\/p>\n<p><strong>2007 14 \u2013 24.06.<\/strong><br \/>\nGeorgian School Exhibition on P<a href=\"http:\/\/www.pq.cz\/en\/archiv-2007.html\" target=\"_blank\">rague Quadrennial 2007<\/a>; exhibition theme: \u201cAuditorium N 15 \u2013 Always at the Edge\u201d.<br \/>\nParticipation of YTA Union delegation in the <a href=\"http:\/\/www.oistat.org\/\" target=\"_blank\">OISTAT <\/a>Anniversary International Symposium, <a href=\"http:\/\/www.pq.cz\/en\/archiv-2007.html\" target=\"_blank\">PQ 2007<\/a>;<br \/>\n(Financed by <a href=\"http:\/\/www.culture.gov.ge\/?lang=eng\" target=\"_blank\">Ministry of Culture, Monument Protection and Sport)<\/a>\u00a0 National Program <a href=\"http:\/\/www.culture.gov.ge\/georgianseason\/?lang=eng\" target=\"_blank\">\u201cGeorgian Season\u201d <\/a><\/p>\n<p><strong>2007 \u2013 2006<br \/>\n<\/strong>The project \u201cLet\u2019s hold hand in hand\u201d, partners TUTU \u2013 Azerbaijan and TUTU \u2013 Afganistan. Arts and Culture Network Program of South Caucasus and Asian countries \u2013 <a href=\"http:\/\/www.opensocietyfoundations.org\/\" target=\"_blank\">OSI<\/a>. (Financed by <a href=\"http:\/\/www.osi.az\/\" target=\"_blank\">OSAF<\/a>)<\/p>\n<p><strong>2006 \u2013 2005<br \/>\n<\/strong>The \u201cCaucasian network of Cultural Observatories\u201d, Arts and Culture Network Program of <a href=\"http:\/\/www.opensocietyfoundations.org\/\" target=\"_blank\">OSI<\/a>.<br \/>\nCreation of cultural network and Data Base; Leading Practical and analytical work with the different cultural groups in Georgia and Caucasus to involve them intro Intercultural dialogue; analyzing the urban policy.<br \/>\nParticipants: Georgian, Armenian and Azerbaijan NGO, artists, experts. Co-producers: TUTU \u2013 Azerbaijan, <a href=\"http:\/\/www.c-i.am\/\" target=\"_blank\">Caucasus Institute <\/a>\u2013 Armenia. (Financed by<a href=\"http:\/\/www.opensocietyfoundations.org\/\" target=\"_blank\"> Budapest Open Society Foundations<\/a>)<\/p>\n<p><strong>2005<br \/>\n<\/strong>Yta Union Executive Director Nino Gunia-Keznetsova participated in the <a href=\"http:\/\/www.culturalpolicies.net\/web\/index.php\" target=\"_blank\">4ht Compendium Authors Meeting \u201cCultural Policies in Europe\u201d<\/a>, \u2013 Boekman Foundation \u2013 Amsterdam, NL.<br \/>\n(<a href=\"http:\/\/hub.coe.int\/en\/\" target=\"_blank\">Financed by Council of Europe<\/a>)<\/p>\n<p><strong>2004<br \/>\n<\/strong>Partecipation of Yta Union\u2019s Executive Director Nino Gunia-Keznetsova in the International Program <a href=\"http:\/\/www.culturalpolicies.net\/web\/index.php\" target=\"_blank\">\u201cCompendium of Cultural Policies and Trends in Europe\u201d<\/a>, Arts and Culture Network Program of <a href=\"http:\/\/www.opensocietyfoundations.org\/\" target=\"_blank\">OSI<\/a>; Dushanbe, Tadjikistan. (Financed by <a href=\"http:\/\/www.opensocietyfoundations.org\/\" target=\"_blank\">OSI<\/a>)<\/p>\n<p><strong>2004<\/strong><br \/>\nThe project \u201cCreate the Conception of Culture and Tourism policy for development Tbilisi City Strategic Plan.\u201d (Financed by <a href=\"http:\/\/new.tbilisi.gov.ge\/?lang=eng\" target=\"_blank\">Municipality of Tbilisi<\/a>, collaboration with Fund for Saving Culture)<\/p>\n<p><strong>2004<br \/>\n<\/strong>Cooperation with Foundation Horizonti \u2013 \u201cConception of the social-economic development of Akhaltsikhe\u201d.<br \/>\n(The volunteer contribution)<\/p>\n<p><strong>2004 \u2013 2003<br \/>\n<\/strong>\u201cObservatory of Culture\u201d \u2013 New forms of collaboration of the Municipal, Business and non-governmental sectors in the sphere of cultural policy. Analyzing the urban policy; making the comparative analyses of cultural policy of Tbilisi. (Financed by <a href=\"http:\/\/new.tbilisi.gov.ge\/?lang=eng\" target=\"_blank\">Municipality of Tbilisi<\/a>,)<\/p>\n<p><strong>2003<br \/>\n<\/strong>\u201cModern Georgian Scenography\u201d<br \/>\nThe exhibition at the Karvasla Gallery. Dedicated on memory of professor George Gunia.2003<br \/>\nYta Union Executive Director Nino Gunia-Keznetsova participated in Teachers international meeting of Scenography <a href=\"http:\/\/www.pq.cz\/en\/archiv-2003.html\" target=\"_blank\">PQ03,<\/a> <a href=\"http:\/\/www.oistat.org\/\" target=\"_blank\">OISTAT <\/a>Education Commission. Prague, CZ.<\/p>\n<p><strong>2003<br \/>\n<\/strong>Participation of YTA Union delegation in <a href=\"http:\/\/www.pq.cz\/en\/archiv-2003.html\" target=\"_blank\">PQ03<\/a>. Prague, CZ.<\/p>\n<p><strong>2002<br \/>\n<\/strong>Creation of the cultural NGO`s Coalition \u2013 \u201cCultural Front\u201d. Creation cultural network and development of skills in cultural management. Financed by Horizonti Foundation, co-producers: LTD \u201cGeorgian Voice\u201d and Public union \u201cThe New Movement.<\/p>\n<p><strong>01.06. 2001- 01.09. 2002<br \/>\n<\/strong>The Progect \u201cCreation of the Educational Basis for the Beginner Show, Art and Advertising Business Structures\u201d.<br \/>\nCreation and development of skills in cultural management, psychosocial and legal sphere. Participants: NGO and Show, Art and Advertising Business Structures, artists and students. Financed by Horizonti Foundation, co-producers: LTD \u201cGeorgian Voice\u201d and<\/p>\n<p>Public union \u201cThe New Movement.<\/p>\n<p><strong>2001 December<br \/>\n<\/strong>Exhibition and fancy-dress show in Public union \u201cThe New Movement\u201d Hall.<\/p>\n<p><strong>2001 November<br \/>\n<\/strong>The Conference \u201cCultural Policy-Priorities and Strategy\u201d. Analyzing the cultural policy of Georgia.<br \/>\nParticipants: Artists and Experts (NGO and Educational State Organization) (Financed by Horizonti Foundation and Public union \u201cThe New Movement\u201d)<\/p>\n<p><strong>2001 October<br \/>\n<\/strong>\u201cYTA Union Presents\u201d \u2013 The exhibition at the \u201cTMS\u201d Gallery. Dedicated on memory of professor George Gunia.<\/p>\n<p><strong>2001 January<br \/>\n<\/strong>Exhibition and fancy-dress show at the <a href=\"http:\/\/www.nplg.gov.ge\/eng\/home\" target=\"_blank\">National Library of Georgia.<\/a><\/p>\n<p><strong>2000<\/strong><br \/>\n\u201cYTA Union Presents\u201d \u2013 The exhibition at the <a href=\"http:\/\/georgia.usembassy.gov\/\" target=\"_blank\">USA Embassy<\/a> in Georgia.<\/p>\n<p><strong>1998<\/strong><br \/>\nCreation of Specialized \u2013 Experimental Workshop at the Faculty of Scenography and Introduction to Video art Method \u2013 HESP\/14. Use and Development of new technologies in Visual Art and in Education.<br \/>\nParticipants: Professors and students of the <a href=\"http:\/\/www.tafu.edu.ge\/en_indx.php\" target=\"_blank\">Shota Rustaveli State University of Theatre and Film<\/a> and YTA union`s Multimedia Studio. Creation of the Scenography &amp; Multimedia studio of YTA Union.<br \/>\n(Financed by the <a href=\"http:\/\/www.osgf.ge\/?sec_id=54&amp;lang_id=ENG\" target=\"_blank\">OSGF)<\/a><br \/>\nResults of the project: in 2002 Golden Florin of the <a href=\"http:\/\/www.bottega2000.it\/centrofirenzeuropa\/presentazione.htm\" target=\"_blank\">XX Florence Awards, Cultural Center Florence \u2013 Europe Mario Conti foundation<\/a> for virtual version of Shakespeare\u2019s <a href=\"http:\/\/www.bottega2000.it\/centrofirenzeuropa\/xxpremiofirenze2002\/mananagunia.htm\" target=\"_blank\">\u201cThe Tempest\u201d by Manana Gunia <\/a>(set &amp; costumes design).<\/p>\n<p><strong>1998<\/strong><br \/>\nExhibition of young scenographers at the \u201cTMS\u201d Gallery.<\/p>\n","protected":false},"excerpt":{"rendered":"<p>20.12.2010 \u2013 20.01.2011 Conduct of the qualifying student competition for participation in the PQ11 Georgian exhibition of the Student Section. 2010 20.09. \u2013 20.12. Preparation of the qualifying student competition for participation in the PQ11 Georgian exhibition of the Student Section. Preparation of student projects in accordance with the curatorial concept. (Volunteering \u2013 Tbilisi State [&hellip;]<\/p>\n","protected":false},"author":1,"featured_media":0,"parent":0,"menu_order":2,"comment_status":"open","ping_status":"open","template":"","meta":{"ngg_post_thumbnail":0,"footnotes":""},"class_list":["post-16","page","type-page","status-publish"],"_links":{"self":[{"href":"https:\/\/yt.omni.ge\/index.php?rest_route=\/wp\/v2\/pages\/16"}],"collection":[{"href":"https:\/\/yt.omni.ge\/index.php?rest_route=\/wp\/v2\/pages"}],"about":[{"href":"https:\/\/yt.omni.ge\/index.php?rest_route=\/wp\/v2\/types\/page"}],"author":[{"embeddable":true,"href":"https:\/\/yt.omni.ge\/index.php?rest_route=\/wp\/v2\/users\/1"}],"replies":[{"embeddable":true,"href":"https:\/\/yt.omni.ge\/index.php?rest_route=%2Fwp%2Fv2%2Fcomments&post=16"}],"version-history":[{"count":34,"href":"https:\/\/yt.omni.ge\/index.php?rest_route=\/wp\/v2\/pages\/16\/revisions"}],"predecessor-version":[{"id":392,"href":"https:\/\/yt.omni.ge\/index.php?rest_route=\/wp\/v2\/pages\/16\/revisions\/392"}],"wp:attachment":[{"href":"https:\/\/yt.omni.ge\/index.php?rest_route=%2Fwp%2Fv2%2Fmedia&parent=16"}],"curies":[{"name":"wp","href":"https:\/\/api.w.org\/{rel}","templated":true}]}}